{"id":11,"date":"2026-04-27T13:50:55","date_gmt":"2026-04-27T13:50:55","guid":{"rendered":"https:\/\/navarch.be\/?page_id=11"},"modified":"2026-04-27T14:26:39","modified_gmt":"2026-04-27T14:26:39","slug":"accueil","status":"publish","type":"page","link":"https:\/\/navarch.be\/","title":{"rendered":"Accueil"},"content":{"rendered":"\n<h2 class=\"wp-block-heading\">NAVARCH<\/h2>\n\n\n\n<p>Bureau d\u2019\u00c9tudes &amp; Excellence Op\u00e9rationnelle<br>Structuration, ing\u00e9nierie et pilotage de projets complexes<\/p>\n\n\n\n<h2 class=\"wp-block-heading\">Nos expertises<\/h2>\n\n\n\n<p>Bureau d\u2019\u00e9tudes<br>Appels d\u2019offres<br>Structuration d\u2019\u00e9quipes<br>Excellence op\u00e9rationnelle<\/p>\n\n\n\n<p>Besoin d\u2019un accompagnement ?<br>Contactez-nous<\/p>\n\n\n\n<p><\/p>\n","protected":false},"excerpt":{"rendered":"<p>NAVARCH Bureau d\u2019\u00c9tudes &amp; Excellence Op\u00e9rationnelleStructuration, ing\u00e9nierie et pilotage de projets complexes Nos expertises Bureau d\u2019\u00e9tudesAppels d\u2019offresStructuration d\u2019\u00e9quipesExcellence op\u00e9rationnelle Besoin d\u2019un accompagnement ?Contactez-nous<\/p>\n","protected":false},"author":1,"featured_media":0,"parent":0,"menu_order":0,"comment_status":"closed","ping_status":"closed","template":"","meta":{"footnotes":""},"class_list":["post-11","page","type-page","status-publish","hentry"],"_links":{"self":[{"href":"https:\/\/navarch.be\/index.php\/wp-json\/wp\/v2\/pages\/11","targetHints":{"allow":["GET"]}}],"collection":[{"href":"https:\/\/navarch.be\/index.php\/wp-json\/wp\/v2\/pages"}],"about":[{"href":"https:\/\/navarch.be\/index.php\/wp-json\/wp\/v2\/types\/page"}],"author":[{"embeddable":true,"href":"https:\/\/navarch.be\/index.php\/wp-json\/wp\/v2\/users\/1"}],"replies":[{"embeddable":true,"href":"https:\/\/navarch.be\/index.php\/wp-json\/wp\/v2\/comments?post=11"}],"version-history":[{"count":5,"href":"https:\/\/navarch.be\/index.php\/wp-json\/wp\/v2\/pages\/11\/revisions"}],"predecessor-version":[{"id":27,"href":"https:\/\/navarch.be\/index.php\/wp-json\/wp\/v2\/pages\/11\/revisions\/27"}],"wp:attachment":[{"href":"https:\/\/navarch.be\/index.php\/wp-json\/wp\/v2\/media?parent=11"}],"curies":[{"name":"wp","href":"https:\/\/api.w.org\/{rel}","templated":true}]}}